{"id":750,"date":"2016-07-20T11:14:25","date_gmt":"2016-07-20T09:14:25","guid":{"rendered":"http:\/\/www.freedivingbluedream.it\/?page_id=750"},"modified":"2016-11-24T17:04:58","modified_gmt":"2016-11-24T16:04:58","slug":"stage-di-procida-1116-luglio-2016","status":"publish","type":"page","link":"https:\/\/www.freedivingbluedream.it\/?page_id=750","title":{"rendered":"Stage di Procida &#8211; 11\/16 Luglio 2016"},"content":{"rendered":"<div class=\"rgg-container\" data-rgg-id=\"1\">    <div class=\"rgg-imagegrid captions-title captions-effect-none \" data-rgg-id=\"1\">\n                    <a href=\"https:\/\/www.freedivingbluedream.it\/public\/wp-content\/uploads\/2016\/10\/stage-procida-30-1280x720.jpg\" data-rel=\"rgg\" rel=\"rgg\" title=\"\" class=\"rgg-disabled size-large rgg-img\" data-src=\"https:\/\/www.freedivingbluedream.it\/public\/wp-content\/uploads\/2016\/10\/stage-procida-30-1280x720.jpg\" data-ratio=\"1.7772151898734\" data-height=\"395\" data-width=\"702\" aria-label=\"\">\n                            <\/a>\n                    <a href=\"https:\/\/www.freedivingbluedream.it\/public\/wp-content\/uploads\/2016\/10\/stage-procida-24-1280x720.jpg\" data-rel=\"rgg\" rel=\"rgg\" title=\"\" class=\"rgg-disabled size-large rgg-img\" data-src=\"https:\/\/www.freedivingbluedream.it\/public\/wp-content\/uploads\/2016\/10\/stage-procida-24-1280x720.jpg\" data-ratio=\"1.7772151898734\" data-height=\"395\" data-width=\"702\" aria-label=\"\">\n                            <\/a>\n                    <a href=\"https:\/\/www.freedivingbluedream.it\/public\/wp-content\/uploads\/2016\/10\/stage-procida-33-1280x720.jpg\" data-rel=\"rgg\" rel=\"rgg\" title=\"\" class=\"rgg-disabled size-large rgg-img\" data-src=\"https:\/\/www.freedivingbluedream.it\/public\/wp-content\/uploads\/2016\/10\/stage-procida-33-1280x720.jpg\" data-ratio=\"1.7772151898734\" data-height=\"395\" data-width=\"702\" aria-label=\"\">\n                            <\/a>\n                    <a href=\"https:\/\/www.freedivingbluedream.it\/public\/wp-content\/uploads\/2016\/10\/stage-procida-32-1280x720.jpg\" data-rel=\"rgg\" rel=\"rgg\" title=\"\" class=\"rgg-disabled size-large rgg-img\" data-src=\"https:\/\/www.freedivingbluedream.it\/public\/wp-content\/uploads\/2016\/10\/stage-procida-32-1280x720.jpg\" data-ratio=\"1.7772151898734\" data-height=\"395\" data-width=\"702\" aria-label=\"\">\n                            <\/a>\n                    <a href=\"https:\/\/www.freedivingbluedream.it\/public\/wp-content\/uploads\/2016\/10\/stage-procida-31-1280x695.jpg\" data-rel=\"rgg\" rel=\"rgg\" title=\"\" class=\"rgg-disabled size-large rgg-img\" data-src=\"https:\/\/www.freedivingbluedream.it\/public\/wp-content\/uploads\/2016\/10\/stage-procida-31-1280x695.jpg\" data-ratio=\"1.8425196850394\" data-height=\"381\" data-width=\"702\" aria-label=\"\">\n                            <\/a>\n                    <a href=\"https:\/\/www.freedivingbluedream.it\/public\/wp-content\/uploads\/2016\/10\/stage-procida-29-1280x1675.jpg\" data-rel=\"rgg\" rel=\"rgg\" title=\"\" class=\"rgg-disabled size-large rgg-img\" data-src=\"https:\/\/www.freedivingbluedream.it\/public\/wp-content\/uploads\/2016\/10\/stage-procida-29-1280x1675.jpg\" data-ratio=\"0.76387377584331\" data-height=\"919\" data-width=\"702\" aria-label=\"\">\n                            <\/a>\n                    <a href=\"https:\/\/www.freedivingbluedream.it\/public\/wp-content\/uploads\/2016\/10\/stage-procida-28-1280x960.jpg\" data-rel=\"rgg\" rel=\"rgg\" title=\"\" class=\"rgg-disabled size-large rgg-img\" data-src=\"https:\/\/www.freedivingbluedream.it\/public\/wp-content\/uploads\/2016\/10\/stage-procida-28-1280x960.jpg\" data-ratio=\"1.3320683111954\" data-height=\"527\" data-width=\"702\" aria-label=\"\">\n                            <\/a>\n                    <a href=\"https:\/\/www.freedivingbluedream.it\/public\/wp-content\/uploads\/2016\/10\/stage-procida-6-1280x720.jpg\" data-rel=\"rgg\" rel=\"rgg\" title=\"\" class=\"rgg-disabled size-large rgg-img\" data-src=\"https:\/\/www.freedivingbluedream.it\/public\/wp-content\/uploads\/2016\/10\/stage-procida-6-1280x720.jpg\" data-ratio=\"1.7772151898734\" data-height=\"395\" data-width=\"702\" aria-label=\"\">\n                            <\/a>\n                    <a href=\"https:\/\/www.freedivingbluedream.it\/public\/wp-content\/uploads\/2016\/10\/stage-procida-27-1280x928.jpg\" data-rel=\"rgg\" rel=\"rgg\" title=\"\" class=\"rgg-disabled size-large rgg-img\" data-src=\"https:\/\/www.freedivingbluedream.it\/public\/wp-content\/uploads\/2016\/10\/stage-procida-27-1280x928.jpg\" data-ratio=\"1.3791748526523\" data-height=\"509\" data-width=\"702\" aria-label=\"\">\n                            <\/a>\n                    <a href=\"https:\/\/www.freedivingbluedream.it\/public\/wp-content\/uploads\/2016\/10\/stage-procida-26-1280x960.jpg\" data-rel=\"rgg\" rel=\"rgg\" title=\"\" class=\"rgg-disabled size-large rgg-img\" data-src=\"https:\/\/www.freedivingbluedream.it\/public\/wp-content\/uploads\/2016\/10\/stage-procida-26-1280x960.jpg\" data-ratio=\"1.3320683111954\" data-height=\"527\" data-width=\"702\" aria-label=\"\">\n                            <\/a>\n                    <a href=\"https:\/\/www.freedivingbluedream.it\/public\/wp-content\/uploads\/2016\/10\/stage-procida-23-1280x715.jpg\" data-rel=\"rgg\" rel=\"rgg\" title=\"\" class=\"rgg-disabled size-large rgg-img\" data-src=\"https:\/\/www.freedivingbluedream.it\/public\/wp-content\/uploads\/2016\/10\/stage-procida-23-1280x715.jpg\" data-ratio=\"1.7908163265306\" data-height=\"392\" data-width=\"702\" aria-label=\"\">\n                            <\/a>\n                    <a href=\"https:\/\/www.freedivingbluedream.it\/public\/wp-content\/uploads\/2016\/10\/stage-procida-1-1280x711.jpg\" data-rel=\"rgg\" rel=\"rgg\" title=\"\" class=\"rgg-disabled size-large rgg-img\" data-src=\"https:\/\/www.freedivingbluedream.it\/public\/wp-content\/uploads\/2016\/10\/stage-procida-1-1280x711.jpg\" data-ratio=\"1.8\" data-height=\"390\" data-width=\"702\" aria-label=\"\">\n                            <\/a>\n                    <a href=\"https:\/\/www.freedivingbluedream.it\/public\/wp-content\/uploads\/2016\/10\/stage-procida-25.jpg\" data-rel=\"rgg\" rel=\"rgg\" title=\"\" class=\"rgg-disabled size-large rgg-img\" data-src=\"https:\/\/www.freedivingbluedream.it\/public\/wp-content\/uploads\/2016\/10\/stage-procida-25.jpg\" data-ratio=\"0.5625\" data-height=\"1248\" data-width=\"702\" aria-label=\"\">\n                            <\/a>\n                    <a href=\"https:\/\/www.freedivingbluedream.it\/public\/wp-content\/uploads\/2016\/10\/stage-procida-22-1280x727.jpg\" data-rel=\"rgg\" rel=\"rgg\" title=\"\" class=\"rgg-disabled size-large rgg-img\" data-src=\"https:\/\/www.freedivingbluedream.it\/public\/wp-content\/uploads\/2016\/10\/stage-procida-22-1280x727.jpg\" data-ratio=\"1.7593984962406\" data-height=\"399\" data-width=\"702\" aria-label=\"\">\n                            <\/a>\n                    <a href=\"https:\/\/www.freedivingbluedream.it\/public\/wp-content\/uploads\/2016\/10\/stage-procida-21-1280x727.jpg\" data-rel=\"rgg\" rel=\"rgg\" title=\"\" class=\"rgg-disabled size-large rgg-img\" data-src=\"https:\/\/www.freedivingbluedream.it\/public\/wp-content\/uploads\/2016\/10\/stage-procida-21-1280x727.jpg\" data-ratio=\"1.7593984962406\" data-height=\"399\" data-width=\"702\" aria-label=\"\">\n                            <\/a>\n                    <a href=\"https:\/\/www.freedivingbluedream.it\/public\/wp-content\/uploads\/2016\/10\/stage-procida-19.jpg\" data-rel=\"rgg\" rel=\"rgg\" title=\"\" class=\"rgg-disabled size-large rgg-img\" data-src=\"https:\/\/www.freedivingbluedream.it\/public\/wp-content\/uploads\/2016\/10\/stage-procida-19.jpg\" data-ratio=\"0.87313432835821\" data-height=\"804\" data-width=\"702\" aria-label=\"\">\n                            <\/a>\n                    <a href=\"https:\/\/www.freedivingbluedream.it\/public\/wp-content\/uploads\/2016\/10\/stage-procida-18.jpg\" data-rel=\"rgg\" rel=\"rgg\" title=\"\" class=\"rgg-disabled size-large rgg-img\" data-src=\"https:\/\/www.freedivingbluedream.it\/public\/wp-content\/uploads\/2016\/10\/stage-procida-18.jpg\" data-ratio=\"0.67564966313763\" data-height=\"1039\" data-width=\"702\" aria-label=\"\">\n                            <\/a>\n                    <a href=\"https:\/\/www.freedivingbluedream.it\/public\/wp-content\/uploads\/2016\/10\/stage-procida-17.jpg\" data-rel=\"rgg\" rel=\"rgg\" title=\"\" class=\"rgg-disabled size-large rgg-img\" data-src=\"https:\/\/www.freedivingbluedream.it\/public\/wp-content\/uploads\/2016\/10\/stage-procida-17.jpg\" data-ratio=\"0.75\" data-height=\"936\" data-width=\"702\" aria-label=\"\">\n                            <\/a>\n                    <a href=\"https:\/\/www.freedivingbluedream.it\/public\/wp-content\/uploads\/2016\/10\/stage-procida-16.jpg\" data-rel=\"rgg\" rel=\"rgg\" title=\"\" class=\"rgg-disabled size-large rgg-img\" data-src=\"https:\/\/www.freedivingbluedream.it\/public\/wp-content\/uploads\/2016\/10\/stage-procida-16.jpg\" data-ratio=\"0.75\" data-height=\"936\" data-width=\"702\" aria-label=\"\">\n                            <\/a>\n                    <a href=\"https:\/\/www.freedivingbluedream.it\/public\/wp-content\/uploads\/2016\/10\/stage-procida-11-1280x960.jpg\" data-rel=\"rgg\" rel=\"rgg\" title=\"\" class=\"rgg-disabled size-large rgg-img\" data-src=\"https:\/\/www.freedivingbluedream.it\/public\/wp-content\/uploads\/2016\/10\/stage-procida-11-1280x960.jpg\" data-ratio=\"1.3320683111954\" data-height=\"527\" data-width=\"702\" aria-label=\"\">\n                            <\/a>\n                    <a href=\"https:\/\/www.freedivingbluedream.it\/public\/wp-content\/uploads\/2016\/10\/stage-procida-10-1280x895.jpg\" data-rel=\"rgg\" rel=\"rgg\" title=\"\" class=\"rgg-disabled size-large rgg-img\" data-src=\"https:\/\/www.freedivingbluedream.it\/public\/wp-content\/uploads\/2016\/10\/stage-procida-10-1280x895.jpg\" data-ratio=\"1.4297352342159\" data-height=\"491\" data-width=\"702\" aria-label=\"\">\n                            <\/a>\n                    <a href=\"https:\/\/www.freedivingbluedream.it\/public\/wp-content\/uploads\/2016\/10\/stage-procida-12-1280x960.jpg\" data-rel=\"rgg\" rel=\"rgg\" title=\"\" class=\"rgg-disabled size-large rgg-img\" data-src=\"https:\/\/www.freedivingbluedream.it\/public\/wp-content\/uploads\/2016\/10\/stage-procida-12-1280x960.jpg\" data-ratio=\"1.3320683111954\" data-height=\"527\" data-width=\"702\" aria-label=\"\">\n                            <\/a>\n                    <a href=\"https:\/\/www.freedivingbluedream.it\/public\/wp-content\/uploads\/2016\/10\/stage-procida-13-1280x794.jpg\" data-rel=\"rgg\" rel=\"rgg\" title=\"\" class=\"rgg-disabled size-large rgg-img\" data-src=\"https:\/\/www.freedivingbluedream.it\/public\/wp-content\/uploads\/2016\/10\/stage-procida-13-1280x794.jpg\" data-ratio=\"1.6137931034483\" data-height=\"435\" data-width=\"702\" aria-label=\"\">\n                            <\/a>\n                    <a href=\"https:\/\/www.freedivingbluedream.it\/public\/wp-content\/uploads\/2016\/10\/stage-procida-14-1280x886.jpg\" data-rel=\"rgg\" rel=\"rgg\" title=\"\" class=\"rgg-disabled size-large rgg-img\" data-src=\"https:\/\/www.freedivingbluedream.it\/public\/wp-content\/uploads\/2016\/10\/stage-procida-14-1280x886.jpg\" data-ratio=\"1.4444444444444\" data-height=\"486\" data-width=\"702\" aria-label=\"\">\n                            <\/a>\n                    <a href=\"https:\/\/www.freedivingbluedream.it\/public\/wp-content\/uploads\/2016\/10\/stage-procida-15-1280x960.jpg\" data-rel=\"rgg\" rel=\"rgg\" title=\"\" class=\"rgg-disabled size-large rgg-img\" data-src=\"https:\/\/www.freedivingbluedream.it\/public\/wp-content\/uploads\/2016\/10\/stage-procida-15-1280x960.jpg\" data-ratio=\"1.3320683111954\" data-height=\"527\" data-width=\"702\" aria-label=\"\">\n                            <\/a>\n                    <a href=\"https:\/\/www.freedivingbluedream.it\/public\/wp-content\/uploads\/2016\/10\/stage-procida-9-1280x935.jpg\" data-rel=\"rgg\" rel=\"rgg\" title=\"\" class=\"rgg-disabled size-large rgg-img\" data-src=\"https:\/\/www.freedivingbluedream.it\/public\/wp-content\/uploads\/2016\/10\/stage-procida-9-1280x935.jpg\" data-ratio=\"1.3684210526316\" data-height=\"513\" data-width=\"702\" aria-label=\"\">\n                            <\/a>\n                    <a href=\"https:\/\/www.freedivingbluedream.it\/public\/wp-content\/uploads\/2016\/10\/stage-procida-8-1280x896.jpg\" data-rel=\"rgg\" rel=\"rgg\" title=\"\" class=\"rgg-disabled size-large rgg-img\" data-src=\"https:\/\/www.freedivingbluedream.it\/public\/wp-content\/uploads\/2016\/10\/stage-procida-8-1280x896.jpg\" data-ratio=\"1.4297352342159\" data-height=\"491\" data-width=\"702\" aria-label=\"\">\n                            <\/a>\n                    <a href=\"https:\/\/www.freedivingbluedream.it\/public\/wp-content\/uploads\/2016\/10\/stage-procida-7-1280x956.jpg\" data-rel=\"rgg\" rel=\"rgg\" title=\"\" class=\"rgg-disabled size-large rgg-img\" data-src=\"https:\/\/www.freedivingbluedream.it\/public\/wp-content\/uploads\/2016\/10\/stage-procida-7-1280x956.jpg\" data-ratio=\"1.3396946564885\" data-height=\"524\" data-width=\"702\" aria-label=\"\">\n                            <\/a>\n                    <a href=\"https:\/\/www.freedivingbluedream.it\/public\/wp-content\/uploads\/2016\/10\/stage-procida-5-1280x703.jpg\" data-rel=\"rgg\" rel=\"rgg\" title=\"\" class=\"rgg-disabled size-large rgg-img\" data-src=\"https:\/\/www.freedivingbluedream.it\/public\/wp-content\/uploads\/2016\/10\/stage-procida-5-1280x703.jpg\" data-ratio=\"1.8186528497409\" data-height=\"386\" data-width=\"702\" aria-label=\"\">\n                            <\/a>\n                    <a href=\"https:\/\/www.freedivingbluedream.it\/public\/wp-content\/uploads\/2016\/10\/stage-procida-4-1280x715.jpg\" data-rel=\"rgg\" rel=\"rgg\" title=\"\" class=\"rgg-disabled size-large rgg-img\" data-src=\"https:\/\/www.freedivingbluedream.it\/public\/wp-content\/uploads\/2016\/10\/stage-procida-4-1280x715.jpg\" data-ratio=\"1.7908163265306\" data-height=\"392\" data-width=\"702\" aria-label=\"\">\n                            <\/a>\n                    <a href=\"https:\/\/www.freedivingbluedream.it\/public\/wp-content\/uploads\/2016\/10\/stage-procida-3-1280x775.jpg\" data-rel=\"rgg\" rel=\"rgg\" title=\"\" class=\"rgg-disabled size-large rgg-img\" data-src=\"https:\/\/www.freedivingbluedream.it\/public\/wp-content\/uploads\/2016\/10\/stage-procida-3-1280x775.jpg\" data-ratio=\"1.6517647058824\" data-height=\"425\" data-width=\"702\" aria-label=\"\">\n                            <\/a>\n                    <a href=\"https:\/\/www.freedivingbluedream.it\/public\/wp-content\/uploads\/2016\/10\/stage-procida-2-1280x720.jpg\" data-rel=\"rgg\" rel=\"rgg\" title=\"\" class=\"rgg-disabled size-large rgg-img\" data-src=\"https:\/\/www.freedivingbluedream.it\/public\/wp-content\/uploads\/2016\/10\/stage-procida-2-1280x720.jpg\" data-ratio=\"1.7772151898734\" data-height=\"395\" data-width=\"702\" aria-label=\"\">\n                            <\/a>\n                    <a href=\"https:\/\/www.freedivingbluedream.it\/public\/wp-content\/uploads\/2016\/07\/New_vlcsnap-2016-07-19-17h40m35s840.jpg\" data-rel=\"rgg\" rel=\"rgg\" title=\"\" class=\"rgg-disabled size-large rgg-img\" data-src=\"https:\/\/www.freedivingbluedream.it\/public\/wp-content\/uploads\/2016\/07\/New_vlcsnap-2016-07-19-17h40m35s840.jpg\" data-ratio=\"0.69367588932806\" data-height=\"1012\" data-width=\"702\" aria-label=\"\">\n                            <\/a>\n                    <a href=\"https:\/\/www.freedivingbluedream.it\/public\/wp-content\/uploads\/2016\/07\/New_IMG-20160717-WA0020-1280x720.jpg\" data-rel=\"rgg\" rel=\"rgg\" title=\"\" class=\"rgg-disabled size-large rgg-img\" data-src=\"https:\/\/www.freedivingbluedream.it\/public\/wp-content\/uploads\/2016\/07\/New_IMG-20160717-WA0020-1280x720.jpg\" data-ratio=\"1.7772151898734\" data-height=\"395\" data-width=\"702\" aria-label=\"\">\n                            <\/a>\n                    <a href=\"https:\/\/www.freedivingbluedream.it\/public\/wp-content\/uploads\/2016\/07\/New_GOPR0269-1280x1707.jpg\" data-rel=\"rgg\" rel=\"rgg\" title=\"\" class=\"rgg-disabled size-large rgg-img\" data-src=\"https:\/\/www.freedivingbluedream.it\/public\/wp-content\/uploads\/2016\/07\/New_GOPR0269-1280x1707.jpg\" data-ratio=\"0.75\" data-height=\"936\" data-width=\"702\" aria-label=\"\">\n                            <\/a>\n                    <a href=\"https:\/\/www.freedivingbluedream.it\/public\/wp-content\/uploads\/2016\/07\/New_GOPR0258-1280x895.jpg\" data-rel=\"rgg\" rel=\"rgg\" title=\"\" class=\"rgg-disabled size-large rgg-img\" data-src=\"https:\/\/www.freedivingbluedream.it\/public\/wp-content\/uploads\/2016\/07\/New_GOPR0258-1280x895.jpg\" data-ratio=\"1.4297352342159\" data-height=\"491\" data-width=\"702\" aria-label=\"\">\n                            <\/a>\n                    <a href=\"https:\/\/www.freedivingbluedream.it\/public\/wp-content\/uploads\/2016\/07\/New_GOPR0242-1280x930.jpg\" data-rel=\"rgg\" rel=\"rgg\" title=\"\" class=\"rgg-disabled size-large rgg-img\" data-src=\"https:\/\/www.freedivingbluedream.it\/public\/wp-content\/uploads\/2016\/07\/New_GOPR0242-1280x930.jpg\" data-ratio=\"1.3764705882353\" data-height=\"510\" data-width=\"702\" aria-label=\"\">\n                            <\/a>\n                    <a href=\"https:\/\/www.freedivingbluedream.it\/public\/wp-content\/uploads\/2016\/07\/New_GOPR0230-1280x787.jpg\" data-rel=\"rgg\" rel=\"rgg\" title=\"\" class=\"rgg-disabled size-large rgg-img\" data-src=\"https:\/\/www.freedivingbluedream.it\/public\/wp-content\/uploads\/2016\/07\/New_GOPR0230-1280x787.jpg\" data-ratio=\"1.625\" data-height=\"432\" data-width=\"702\" aria-label=\"\">\n                            <\/a>\n                    <a href=\"https:\/\/www.freedivingbluedream.it\/public\/wp-content\/uploads\/2016\/07\/New_GOPR0218-1280x945.jpg\" data-rel=\"rgg\" rel=\"rgg\" title=\"\" class=\"rgg-disabled size-large rgg-img\" data-src=\"https:\/\/www.freedivingbluedream.it\/public\/wp-content\/uploads\/2016\/07\/New_GOPR0218-1280x945.jpg\" data-ratio=\"1.3552123552124\" data-height=\"518\" data-width=\"702\" aria-label=\"\">\n                            <\/a>\n                    <a href=\"https:\/\/www.freedivingbluedream.it\/public\/wp-content\/uploads\/2016\/07\/New_GOPR0158-1280x960.jpg\" data-rel=\"rgg\" rel=\"rgg\" title=\"\" class=\"rgg-disabled size-large rgg-img\" data-src=\"https:\/\/www.freedivingbluedream.it\/public\/wp-content\/uploads\/2016\/07\/New_GOPR0158-1280x960.jpg\" data-ratio=\"1.3320683111954\" data-height=\"527\" data-width=\"702\" aria-label=\"\">\n                            <\/a>\n                    <a href=\"https:\/\/www.freedivingbluedream.it\/public\/wp-content\/uploads\/2016\/07\/New_GOPR0147-1280x950.jpg\" data-rel=\"rgg\" rel=\"rgg\" title=\"\" class=\"rgg-disabled size-large rgg-img\" data-src=\"https:\/\/www.freedivingbluedream.it\/public\/wp-content\/uploads\/2016\/07\/New_GOPR0147-1280x950.jpg\" data-ratio=\"1.3474088291747\" data-height=\"521\" data-width=\"702\" aria-label=\"\">\n                            <\/a>\n                    <a href=\"https:\/\/www.freedivingbluedream.it\/public\/wp-content\/uploads\/2016\/07\/New_vlcsnap-2016-07-19-17h44m45s471-1280x727.jpg\" data-rel=\"rgg\" rel=\"rgg\" title=\"\" class=\"rgg-disabled size-large rgg-img\" data-src=\"https:\/\/www.freedivingbluedream.it\/public\/wp-content\/uploads\/2016\/07\/New_vlcsnap-2016-07-19-17h44m45s471-1280x727.jpg\" data-ratio=\"1.7593984962406\" data-height=\"399\" data-width=\"702\" aria-label=\"\">\n                            <\/a>\n                    <a href=\"https:\/\/www.freedivingbluedream.it\/public\/wp-content\/uploads\/2016\/07\/New_vlcsnap-2016-07-19-17h44m15s836.jpg\" data-rel=\"rgg\" rel=\"rgg\" title=\"\" class=\"rgg-disabled size-large rgg-img\" data-src=\"https:\/\/www.freedivingbluedream.it\/public\/wp-content\/uploads\/2016\/07\/New_vlcsnap-2016-07-19-17h44m15s836.jpg\" data-ratio=\"0.56750202101859\" data-height=\"1237\" data-width=\"702\" aria-label=\"\">\n                            <\/a>\n                    <a href=\"https:\/\/www.freedivingbluedream.it\/public\/wp-content\/uploads\/2016\/07\/New_vlcsnap-2016-07-19-17h41m18s733-1280x727.jpg\" data-rel=\"rgg\" rel=\"rgg\" title=\"\" class=\"rgg-disabled size-large rgg-img\" data-src=\"https:\/\/www.freedivingbluedream.it\/public\/wp-content\/uploads\/2016\/07\/New_vlcsnap-2016-07-19-17h41m18s733-1280x727.jpg\" data-ratio=\"1.7593984962406\" data-height=\"399\" data-width=\"702\" aria-label=\"\">\n                            <\/a>\n                    <a href=\"https:\/\/www.freedivingbluedream.it\/public\/wp-content\/uploads\/2016\/10\/stage-procida-20-1280x691.jpg\" data-rel=\"rgg\" rel=\"rgg\" title=\"\" class=\"rgg-disabled size-large rgg-img\" data-src=\"https:\/\/www.freedivingbluedream.it\/public\/wp-content\/uploads\/2016\/10\/stage-procida-20-1280x691.jpg\" data-ratio=\"1.8522427440633\" data-height=\"379\" data-width=\"702\" aria-label=\"\">\n                            <\/a>\n            <\/div>\n<\/div>\n<p>Lo diciamo sempre: \u201c<em>l\u2019apnea fa bene, al corpo ed allo spirito<\/em>\u201d \u2026e questo stage a Procida ne \u00e8 stata la conferma!<\/p>\n<p>Una delle cose pi\u00f9 belle dell\u2019apnea \u00e8 la possibilit\u00e0 di conoscere nuove persone, che condividono la nostra stessa passione, e di trasformale in nuovi amici.<\/p>\n<p>Ognuno di questi amici, poi, ci lascia sempre qualcosa\u2026 che sia un consiglio prezioso o un semplice ricordo di un tuffo fatto insieme.<\/p>\n<p>Le cose che ricorderemo di questa esperienza sono tante\u2026 dall\u2019energia di Enzino alla simpatia di Peppe, dalla gentilezza di Ella alla bont\u00e0 di Michele, dalla disponibilit\u00e0 di Stefano alla pazzia di Virginia ed alla tranquillit\u00e0 di Ugo\u2026 ma pi\u00f9 di tutte non dimenticheremo mai i sorrisi di tutti gli amici che l\u2019hanno resa cos\u00ec unica\u2026<\/p>\n","protected":false},"excerpt":{"rendered":"<p>Lo diciamo sempre: \u201cl\u2019apnea fa bene, al corpo ed allo spirito\u201d \u2026e questo stage a Procida ne \u00e8 stata la conferma! Una delle cose pi\u00f9 belle dell\u2019apnea \u00e8 la possibilit\u00e0 di conoscere nuove persone, che condividono la nostra stessa passione, e di trasformale in nuovi amici. Ognuno di questi amici, poi, ci lascia sempre qualcosa\u2026<\/p>\n<div class=\"read-more\"><a href=\"https:\/\/www.freedivingbluedream.it\/?page_id=750\" title=\"Read More\">Read More<\/a><\/div>\n","protected":false},"author":6,"featured_media":0,"parent":0,"menu_order":0,"comment_status":"closed","ping_status":"closed","template":"","meta":{"om_disable_all_campaigns":false,"_monsterinsights_skip_tracking":false,"_monsterinsights_sitenote_active":false,"_monsterinsights_sitenote_note":"","_monsterinsights_sitenote_category":0,"_uf_show_specific_survey":0,"_uf_disable_surveys":false},"aioseo_notices":[],"_links":{"self":[{"href":"https:\/\/www.freedivingbluedream.it\/index.php?rest_route=\/wp\/v2\/pages\/750"}],"collection":[{"href":"https:\/\/www.freedivingbluedream.it\/index.php?rest_route=\/wp\/v2\/pages"}],"about":[{"href":"https:\/\/www.freedivingbluedream.it\/index.php?rest_route=\/wp\/v2\/types\/page"}],"author":[{"embeddable":true,"href":"https:\/\/www.freedivingbluedream.it\/index.php?rest_route=\/wp\/v2\/users\/6"}],"replies":[{"embeddable":true,"href":"https:\/\/www.freedivingbluedream.it\/index.php?rest_route=%2Fwp%2Fv2%2Fcomments&post=750"}],"version-history":[{"count":39,"href":"https:\/\/www.freedivingbluedream.it\/index.php?rest_route=\/wp\/v2\/pages\/750\/revisions"}],"predecessor-version":[{"id":1156,"href":"https:\/\/www.freedivingbluedream.it\/index.php?rest_route=\/wp\/v2\/pages\/750\/revisions\/1156"}],"wp:attachment":[{"href":"https:\/\/www.freedivingbluedream.it\/index.php?rest_route=%2Fwp%2Fv2%2Fmedia&parent=750"}],"curies":[{"name":"wp","href":"https:\/\/api.w.org\/{rel}","templated":true}]}}