{"id":531,"date":"2016-02-18T11:50:08","date_gmt":"2016-02-18T10:50:08","guid":{"rendered":"http:\/\/www.freedivingbluedream.it\/?page_id=531"},"modified":"2016-11-24T15:56:40","modified_gmt":"2016-11-24T14:56:40","slug":"prima-uscita-del-corso-base-11-luglio-2015-isola-di-giannutri","status":"publish","type":"page","link":"https:\/\/www.freedivingbluedream.it\/?page_id=531","title":{"rendered":"Prima uscita del Corso Base &#8211; 11 luglio 2015 &#8211; Isola di Giannutri"},"content":{"rendered":"<div class=\"rgg-container\" data-rgg-id=\"1\">    <div class=\"rgg-imagegrid captions-title captions-effect-none \" data-rgg-id=\"1\">\n                    <a href=\"https:\/\/www.freedivingbluedream.it\/public\/wp-content\/uploads\/2016\/02\/stage-giannutri-6-low.jpg\" data-rel=\"rgg\" rel=\"rgg\" title=\"\" class=\"rgg-disabled size-large rgg-img\" data-src=\"https:\/\/www.freedivingbluedream.it\/public\/wp-content\/uploads\/2016\/02\/stage-giannutri-6-low.jpg\" data-ratio=\"1.3320683111954\" data-height=\"527\" data-width=\"702\" aria-label=\"\">\n                            <\/a>\n                    <a href=\"https:\/\/www.freedivingbluedream.it\/public\/wp-content\/uploads\/2016\/02\/stage-giannutri-11-low.jpg\" data-rel=\"rgg\" rel=\"rgg\" title=\"\" class=\"rgg-disabled size-large rgg-img\" data-src=\"https:\/\/www.freedivingbluedream.it\/public\/wp-content\/uploads\/2016\/02\/stage-giannutri-11-low.jpg\" data-ratio=\"1.3320683111954\" data-height=\"527\" data-width=\"702\" aria-label=\"\">\n                            <\/a>\n                    <a href=\"https:\/\/www.freedivingbluedream.it\/public\/wp-content\/uploads\/2016\/02\/stage-giannutri-14-low.jpg\" data-rel=\"rgg\" rel=\"rgg\" title=\"\" class=\"rgg-disabled size-large rgg-img\" data-src=\"https:\/\/www.freedivingbluedream.it\/public\/wp-content\/uploads\/2016\/02\/stage-giannutri-14-low.jpg\" data-ratio=\"0.75\" data-height=\"936\" data-width=\"702\" aria-label=\"\">\n                            <\/a>\n                    <a href=\"https:\/\/www.freedivingbluedream.it\/public\/wp-content\/uploads\/2016\/02\/stage-giannutri-2-low.jpg\" data-rel=\"rgg\" rel=\"rgg\" title=\"\" class=\"rgg-disabled size-large rgg-img\" data-src=\"https:\/\/www.freedivingbluedream.it\/public\/wp-content\/uploads\/2016\/02\/stage-giannutri-2-low.jpg\" data-ratio=\"0.75\" data-height=\"936\" data-width=\"702\" aria-label=\"\">\n                            <\/a>\n                    <a href=\"https:\/\/www.freedivingbluedream.it\/public\/wp-content\/uploads\/2016\/02\/stage-giannutri-12-low.jpg\" data-rel=\"rgg\" rel=\"rgg\" title=\"\" class=\"rgg-disabled size-large rgg-img\" data-src=\"https:\/\/www.freedivingbluedream.it\/public\/wp-content\/uploads\/2016\/02\/stage-giannutri-12-low.jpg\" data-ratio=\"0.75\" data-height=\"936\" data-width=\"702\" aria-label=\"\">\n                            <\/a>\n                    <a href=\"https:\/\/www.freedivingbluedream.it\/public\/wp-content\/uploads\/2016\/02\/stage-giannutri-1-low.jpg\" data-rel=\"rgg\" rel=\"rgg\" title=\"\" class=\"rgg-disabled size-large rgg-img\" data-src=\"https:\/\/www.freedivingbluedream.it\/public\/wp-content\/uploads\/2016\/02\/stage-giannutri-1-low.jpg\" data-ratio=\"1.3320683111954\" data-height=\"527\" data-width=\"702\" aria-label=\"\">\n                            <\/a>\n                    <a href=\"https:\/\/www.freedivingbluedream.it\/public\/wp-content\/uploads\/2016\/02\/stage-giannutri-8-low.jpg\" data-rel=\"rgg\" rel=\"rgg\" title=\"\" class=\"rgg-disabled size-large rgg-img\" data-src=\"https:\/\/www.freedivingbluedream.it\/public\/wp-content\/uploads\/2016\/02\/stage-giannutri-8-low.jpg\" data-ratio=\"1.3320683111954\" data-height=\"527\" data-width=\"702\" aria-label=\"\">\n                            <\/a>\n                    <a href=\"https:\/\/www.freedivingbluedream.it\/public\/wp-content\/uploads\/2016\/02\/stage-giannutri-13-low.jpg\" data-rel=\"rgg\" rel=\"rgg\" title=\"\" class=\"rgg-disabled size-large rgg-img\" data-src=\"https:\/\/www.freedivingbluedream.it\/public\/wp-content\/uploads\/2016\/02\/stage-giannutri-13-low.jpg\" data-ratio=\"1.3320683111954\" data-height=\"527\" data-width=\"702\" aria-label=\"\">\n                            <\/a>\n                    <a href=\"https:\/\/www.freedivingbluedream.it\/public\/wp-content\/uploads\/2016\/02\/stage-giannutri-10-low.jpg\" data-rel=\"rgg\" rel=\"rgg\" title=\"\" class=\"rgg-disabled size-large rgg-img\" data-src=\"https:\/\/www.freedivingbluedream.it\/public\/wp-content\/uploads\/2016\/02\/stage-giannutri-10-low.jpg\" data-ratio=\"1.3320683111954\" data-height=\"527\" data-width=\"702\" aria-label=\"\">\n                            <\/a>\n                    <a href=\"https:\/\/www.freedivingbluedream.it\/public\/wp-content\/uploads\/2016\/02\/stage-giannutri-7-low.jpg\" data-rel=\"rgg\" rel=\"rgg\" title=\"\" class=\"rgg-disabled size-large rgg-img\" data-src=\"https:\/\/www.freedivingbluedream.it\/public\/wp-content\/uploads\/2016\/02\/stage-giannutri-7-low.jpg\" data-ratio=\"1.3320683111954\" data-height=\"527\" data-width=\"702\" aria-label=\"\">\n                            <\/a>\n                    <a href=\"https:\/\/www.freedivingbluedream.it\/public\/wp-content\/uploads\/2016\/02\/stage-giannutri-4-low.jpg\" data-rel=\"rgg\" rel=\"rgg\" title=\"\" class=\"rgg-disabled size-large rgg-img\" data-src=\"https:\/\/www.freedivingbluedream.it\/public\/wp-content\/uploads\/2016\/02\/stage-giannutri-4-low.jpg\" data-ratio=\"1.3320683111954\" data-height=\"527\" data-width=\"702\" aria-label=\"\">\n                            <\/a>\n                    <a href=\"https:\/\/www.freedivingbluedream.it\/public\/wp-content\/uploads\/2016\/02\/stage-giannutri-9-low.jpg\" data-rel=\"rgg\" rel=\"rgg\" title=\"\" class=\"rgg-disabled size-large rgg-img\" data-src=\"https:\/\/www.freedivingbluedream.it\/public\/wp-content\/uploads\/2016\/02\/stage-giannutri-9-low.jpg\" data-ratio=\"0.75\" data-height=\"936\" data-width=\"702\" aria-label=\"\">\n                            <\/a>\n                    <a href=\"https:\/\/www.freedivingbluedream.it\/public\/wp-content\/uploads\/2016\/02\/stage-giannutri-3-low.jpg\" data-rel=\"rgg\" rel=\"rgg\" title=\"\" class=\"rgg-disabled size-large rgg-img\" data-src=\"https:\/\/www.freedivingbluedream.it\/public\/wp-content\/uploads\/2016\/02\/stage-giannutri-3-low.jpg\" data-ratio=\"0.75\" data-height=\"936\" data-width=\"702\" aria-label=\"\">\n                            <\/a>\n                    <a href=\"https:\/\/www.freedivingbluedream.it\/public\/wp-content\/uploads\/2016\/02\/stage-giannutri-5-low.jpg\" data-rel=\"rgg\" rel=\"rgg\" title=\"\" class=\"rgg-disabled size-large rgg-img\" data-src=\"https:\/\/www.freedivingbluedream.it\/public\/wp-content\/uploads\/2016\/02\/stage-giannutri-5-low.jpg\" data-ratio=\"1.7682619647355\" data-height=\"397\" data-width=\"702\" aria-label=\"\">\n                            <\/a>\n            <\/div>\n<\/div>\n<p>Era una calda giornata estiva. Anzi caldissima. Il sole gi\u00e0 splendeva alto e il mare era pi\u00f9 bello, pi\u00f9 blu e pi\u00f9 accogliente del solito.\u00a0Ma soprattutto era la prima uscita, del primo corso base, della nostra Scuola di Apnea!<\/p>\n<p>E poi era una giornata davvero speciale, che non dimenticheremo mai. Perch\u00e9 per una parte del cuore di chi c\u2019era il tempo si \u00e8 fermato li.\u00a0E\u2019 la parte del cuore dove abitano le emozioni ed i ricordi pi\u00f9 cari. Quella con le pareti dai colori pi\u00f9 belli, come il blu del mare di quella calda, anzi caldissima, giornata estiva.<\/p>\n<p>Giornata stupenda, perch\u00e9 abbiamo fatto quello che ci piace fare: vivere nel mare. E l\u2019abbiamo fatto come ci piace: con gli amici pi\u00f9 cari!\u00a0Spensierati e allegri. Abbiamo giocato e faticato, saziandoci delle emozioni e dei nostri stessi sorrisi.<\/p>\n<p>Poi il tempo \u00e8 passato\u00a0rapido, troppo, e ci siamo incamminati verso casa. Stanchi e felici.\u00a0Un ultimo saluto agli amici, che abbiamo guardato\u00a0entrare in casa mentre ci allontanavamo, mentre la luce rossa del tramonto prendeva il posto del blu del mare. E la notte scendeva su quella caldissima giornata estiva.<\/p>\n","protected":false},"excerpt":{"rendered":"<p>Era una calda giornata estiva. Anzi caldissima. Il sole gi\u00e0 splendeva alto e il mare era pi\u00f9 bello, pi\u00f9 blu e pi\u00f9 accogliente del solito.\u00a0Ma soprattutto era la prima uscita, del primo corso base, della nostra Scuola di Apnea! E poi era una giornata davvero speciale, che non dimenticheremo mai. Perch\u00e9 per una parte del<\/p>\n<div class=\"read-more\"><a href=\"https:\/\/www.freedivingbluedream.it\/?page_id=531\" title=\"Read More\">Read More<\/a><\/div>\n","protected":false},"author":6,"featured_media":0,"parent":0,"menu_order":0,"comment_status":"closed","ping_status":"closed","template":"","meta":{"om_disable_all_campaigns":false,"_monsterinsights_skip_tracking":false,"_monsterinsights_sitenote_active":false,"_monsterinsights_sitenote_note":"","_monsterinsights_sitenote_category":0,"_uf_show_specific_survey":0,"_uf_disable_surveys":false},"aioseo_notices":[],"_links":{"self":[{"href":"https:\/\/www.freedivingbluedream.it\/index.php?rest_route=\/wp\/v2\/pages\/531"}],"collection":[{"href":"https:\/\/www.freedivingbluedream.it\/index.php?rest_route=\/wp\/v2\/pages"}],"about":[{"href":"https:\/\/www.freedivingbluedream.it\/index.php?rest_route=\/wp\/v2\/types\/page"}],"author":[{"embeddable":true,"href":"https:\/\/www.freedivingbluedream.it\/index.php?rest_route=\/wp\/v2\/users\/6"}],"replies":[{"embeddable":true,"href":"https:\/\/www.freedivingbluedream.it\/index.php?rest_route=%2Fwp%2Fv2%2Fcomments&post=531"}],"version-history":[{"count":33,"href":"https:\/\/www.freedivingbluedream.it\/index.php?rest_route=\/wp\/v2\/pages\/531\/revisions"}],"predecessor-version":[{"id":1142,"href":"https:\/\/www.freedivingbluedream.it\/index.php?rest_route=\/wp\/v2\/pages\/531\/revisions\/1142"}],"wp:attachment":[{"href":"https:\/\/www.freedivingbluedream.it\/index.php?rest_route=%2Fwp%2Fv2%2Fmedia&parent=531"}],"curies":[{"name":"wp","href":"https:\/\/api.w.org\/{rel}","templated":true}]}}