{"id":35,"date":"2015-05-16T13:30:04","date_gmt":"2015-05-16T11:30:04","guid":{"rendered":"http:\/\/www.freedivingbluedream.it\/?page_id=35"},"modified":"2026-02-02T08:13:29","modified_gmt":"2026-02-02T07:13:29","slug":"chi-siamo","status":"publish","type":"page","link":"https:\/\/www.freedivingbluedream.it\/","title":{"rendered":"HOME"},"content":{"rendered":"\n<h2>Corsi e allenamenti di Apnea a Roma<\/h2>\n<!--\n<p><iframe loading=\"lazy\" src=\"https:\/\/www.youtube.com\/embed\/61YcwaYce0M?autoplay=1&amp;mute=1&amp;playlist=61YcwaYce0M&amp;loop=1\" width=\"280\" height=\"\u201d158\u201d\"><\/iframe><p><\/p>\n-->\n\n\n\n<p><span style=\"font-size: 12pt;\">La&nbsp;<em>ASD Freediving Blue Dream<\/em>&nbsp;organizza tutto l\u2019anno allenamenti e <strong>corsi di apnea&nbsp;a Roma<\/strong> con didattica Apnea&nbsp;Academy, la prestigiosa scuola fondata da <a style=\"pointer-events: none;\" href=\"http:\/\/www.umbertopelizzari.com\/\" target=\"_blank\" rel=\"noopener\">Umberto Pelizzari<\/a> nel 1995.<\/span><\/p>\n\n\n\n<p><span style=\"font-size: 12pt;\">Da allora schiere di istruttori si sono formati sotto l\u2019occhio vigile del \u201cPelo\u201d con un unico obiettivo: diffondere la cultura e l\u2019amore per il mare e l\u2019apnea.<\/span><\/p>\n\n\n\n<p><span style=\"font-size: 12pt;\">La didattica Apnea Academy propone la formazione dell&#8217;apneista con la massima gradualit\u00e0, con <a style=\"pointer-events: none;\" title=\"Corsi\" href=\"http:\/\/www.freedivingbluedream.it\/?page_id=417\"><strong>corsi<\/strong> <\/a>di diversi livelli, sviluppando la consapevolezza dei limiti dell&#8217;apnea per un&#8217;attivit\u00e0 sicura, piacevole e divertente.<\/span><\/p>\n\n\n\n<p><span style=\"font-size: 12pt;\">Ogni corso di apnea prevede lezioni di teoria, sessioni in piscina, lezioni di tecniche di respirazione, rilassamento e compensazione, ginnastica tubarica ed esercitazioni in acque libere.<\/span><\/p>\n\n\n\n<p><span style=\"font-size: 12pt;\">Nuotare sott&#8217;acqua trattenendo il respiro \u00e8 un\u2019esperienza emozionante. Ti sentirai perfettamente a tuo agio, parte integrante del mare \u2013 un mondo in cui siamo ospiti \u2013 che imparerai a rispettare e ad amare di pi\u00f9.<\/span><\/p>\n\n\n\n<p><span style=\"font-size: 12pt;\">Se sei gi\u00e0 un apneista esperto,&nbsp;avrai anche l\u2019occasione di poterti allenare insieme a noi, sia in mare che nelle nostre piscine a Roma. Pianifichiamo gli <a style=\"pointer-events: none;\" title=\"Allenamenti\" href=\"http:\/\/www.freedivingbluedream.it\/?page_id=101\"><strong>allenamenti<\/strong><\/a> in maniera strutturata e con lavori personalizzati, senza tralasciare nessun aspetto\u2026 dall&#8217;allenamento fisico a quello mentale.<\/span><\/p>\n\n\n\n<p><span style=\"font-size: 12pt;\"><em>Freediving Blue Dream<\/em>&nbsp;\u00e8 passione, competenza, allenamento e dedizione che ti far\u00e0 conoscere il metodo pi\u00f9 autentico per immergersi sott&#8217;acqua.<\/span><\/p>\n\n\n\n<figure class=\"wp-block-embed is-type-video is-provider-youtube wp-block-embed-youtube wp-embed-aspect-16-9 wp-has-aspect-ratio\"><div class=\"wp-block-embed__wrapper\">\n<iframe loading=\"lazy\" title=\"Apnea significa...\" width=\"702\" height=\"395\" src=\"https:\/\/www.youtube.com\/embed\/yKJwNqIJfTc?feature=oembed\" frameborder=\"0\" allow=\"accelerometer; autoplay; clipboard-write; encrypted-media; gyroscope; picture-in-picture; web-share\" referrerpolicy=\"strict-origin-when-cross-origin\" allowfullscreen><\/iframe>\n<\/div><\/figure>\n","protected":false},"excerpt":{"rendered":"<p>Corsi e allenamenti di Apnea a Roma La&nbsp;ASD Freediving Blue Dream&nbsp;organizza tutto l\u2019anno allenamenti e corsi di apnea&nbsp;a Roma con didattica Apnea&nbsp;Academy, la prestigiosa scuola fondata da Umberto Pelizzari nel 1995. Da allora schiere di istruttori si sono formati sotto l\u2019occhio vigile del \u201cPelo\u201d con un unico obiettivo: diffondere la cultura e l\u2019amore per il<\/p>\n<div class=\"read-more\"><a href=\"https:\/\/www.freedivingbluedream.it\/\" title=\"Read More\">Read More<\/a><\/div>\n","protected":false},"author":1,"featured_media":0,"parent":0,"menu_order":0,"comment_status":"closed","ping_status":"closed","template":"","meta":{"om_disable_all_campaigns":false,"_monsterinsights_skip_tracking":false,"_monsterinsights_sitenote_active":false,"_monsterinsights_sitenote_note":"","_monsterinsights_sitenote_category":0,"_uf_show_specific_survey":0,"_uf_disable_surveys":false},"aioseo_notices":[],"_links":{"self":[{"href":"https:\/\/www.freedivingbluedream.it\/index.php?rest_route=\/wp\/v2\/pages\/35"}],"collection":[{"href":"https:\/\/www.freedivingbluedream.it\/index.php?rest_route=\/wp\/v2\/pages"}],"about":[{"href":"https:\/\/www.freedivingbluedream.it\/index.php?rest_route=\/wp\/v2\/types\/page"}],"author":[{"embeddable":true,"href":"https:\/\/www.freedivingbluedream.it\/index.php?rest_route=\/wp\/v2\/users\/1"}],"replies":[{"embeddable":true,"href":"https:\/\/www.freedivingbluedream.it\/index.php?rest_route=%2Fwp%2Fv2%2Fcomments&post=35"}],"version-history":[{"count":136,"href":"https:\/\/www.freedivingbluedream.it\/index.php?rest_route=\/wp\/v2\/pages\/35\/revisions"}],"predecessor-version":[{"id":3407,"href":"https:\/\/www.freedivingbluedream.it\/index.php?rest_route=\/wp\/v2\/pages\/35\/revisions\/3407"}],"wp:attachment":[{"href":"https:\/\/www.freedivingbluedream.it\/index.php?rest_route=%2Fwp%2Fv2%2Fmedia&parent=35"}],"curies":[{"name":"wp","href":"https:\/\/api.w.org\/{rel}","templated":true}]}}