{"id":2106,"date":"2019-07-25T09:49:45","date_gmt":"2019-07-25T07:49:45","guid":{"rendered":"http:\/\/www.freedivingbluedream.it\/?page_id=2106"},"modified":"2019-07-25T10:00:30","modified_gmt":"2019-07-25T08:00:30","slug":"assetto-variabile","status":"publish","type":"page","link":"https:\/\/www.freedivingbluedream.it\/?page_id=2106","title":{"rendered":"Assetto Variabile"},"content":{"rendered":"<p><img decoding=\"async\" loading=\"lazy\" class=\"size-full wp-image-2108 alignleft\" src=\"http:\/\/www.freedivingbluedream.it\/public\/wp-content\/uploads\/2019\/07\/assetto_variabile.200x0.jpg\" alt=\"assetto_variabile-200x0\" width=\"200\" height=\"133\" \/><\/p>\n<p>Immergersi in apnea con l\u2019ausilio di una zavorra, di una slitta, favorisce lo sviluppo di competenze straordinarie per l\u2019apneista. Rilassarsi in discesa senza dover pinneggiare \u00e8 pi\u00f9 facile; cos\u00ec \u00e8 anche per la compensazione che con questa tecnica di immersione permette all&#8217;apneista di raggiungere una nuova consapevolezza dei propri limiti. Solo gli apneisti con\u00a0brevetto\u00a0Advanced AA o superiore\u00a0possono partecipare a questo corso.<\/p>\n<p><a href=\"http:\/\/www.freedivingbluedream.it\/?page_id=417\"><img decoding=\"async\" loading=\"lazy\" class=\"wp-image-427 alignright\" src=\"http:\/\/www.freedivingbluedream.it\/public\/wp-content\/uploads\/2015\/11\/Corsi2.png\" alt=\"Corsi2\" width=\"100\" height=\"100\" srcset=\"https:\/\/www.freedivingbluedream.it\/public\/wp-content\/uploads\/2015\/11\/Corsi2.png 320w, https:\/\/www.freedivingbluedream.it\/public\/wp-content\/uploads\/2015\/11\/Corsi2-120x120.png 120w\" sizes=\"(max-width: 100px) 100vw, 100px\" \/><br \/>\n<\/a><\/p>\n<p>&nbsp;<\/p>\n","protected":false},"excerpt":{"rendered":"<p>Immergersi in apnea con l\u2019ausilio di una zavorra, di una slitta, favorisce lo sviluppo di competenze straordinarie per l\u2019apneista. Rilassarsi in discesa senza dover pinneggiare \u00e8 pi\u00f9 facile; cos\u00ec \u00e8 anche per la compensazione che con questa tecnica di immersione permette all&#8217;apneista di raggiungere una nuova consapevolezza dei propri limiti. Solo gli apneisti con\u00a0brevetto\u00a0Advanced AA<\/p>\n<div class=\"read-more\"><a href=\"https:\/\/www.freedivingbluedream.it\/?page_id=2106\" title=\"Read More\">Read More<\/a><\/div>\n","protected":false},"author":6,"featured_media":0,"parent":0,"menu_order":0,"comment_status":"closed","ping_status":"closed","template":"","meta":{"om_disable_all_campaigns":false,"_monsterinsights_skip_tracking":false,"_monsterinsights_sitenote_active":false,"_monsterinsights_sitenote_note":"","_monsterinsights_sitenote_category":0,"_uf_show_specific_survey":0,"_uf_disable_surveys":false},"aioseo_notices":[],"_links":{"self":[{"href":"https:\/\/www.freedivingbluedream.it\/index.php?rest_route=\/wp\/v2\/pages\/2106"}],"collection":[{"href":"https:\/\/www.freedivingbluedream.it\/index.php?rest_route=\/wp\/v2\/pages"}],"about":[{"href":"https:\/\/www.freedivingbluedream.it\/index.php?rest_route=\/wp\/v2\/types\/page"}],"author":[{"embeddable":true,"href":"https:\/\/www.freedivingbluedream.it\/index.php?rest_route=\/wp\/v2\/users\/6"}],"replies":[{"embeddable":true,"href":"https:\/\/www.freedivingbluedream.it\/index.php?rest_route=%2Fwp%2Fv2%2Fcomments&post=2106"}],"version-history":[{"count":5,"href":"https:\/\/www.freedivingbluedream.it\/index.php?rest_route=\/wp\/v2\/pages\/2106\/revisions"}],"predecessor-version":[{"id":2112,"href":"https:\/\/www.freedivingbluedream.it\/index.php?rest_route=\/wp\/v2\/pages\/2106\/revisions\/2112"}],"wp:attachment":[{"href":"https:\/\/www.freedivingbluedream.it\/index.php?rest_route=%2Fwp%2Fv2%2Fmedia&parent=2106"}],"curies":[{"name":"wp","href":"https:\/\/api.w.org\/{rel}","templated":true}]}}