{"id":121,"date":"2015-05-21T19:23:17","date_gmt":"2015-05-21T17:23:17","guid":{"rendered":"http:\/\/www.freedivingbluedream.it\/?page_id=121"},"modified":"2016-05-09T15:35:06","modified_gmt":"2016-05-09T13:35:06","slug":"faq","status":"publish","type":"page","link":"https:\/\/www.freedivingbluedream.it\/?page_id=121","title":{"rendered":"FAQ"},"content":{"rendered":"<h3>[Bisogna saper nuotare bene per fare Apnea?]<\/h3>\n<p>No, non necessariamente, per fare apnea basta avere una buona acquaticit\u00e0, un po\u2019 di dimestichezza con le pinne e conoscere le basi della nuotata a rana. Tutto si impara\u2026 basta averne voglia, metterci un po\u2019 di grinta e darsi il tempo necessario per migliorare.<\/p>\n<h3>[Per fare Apnea devo comprare una attrezzatura particolare?]<\/h3>\n<p>Per iniziare vanno benissimo delle semplici pinne, un boccaglio (snorkel), una maschera e per non patire il freddo un mutino (con relativa cintura dei pesi per creare il giusto assetto)\u2026 se poi la passione per questo sport cresce le pinne d\u2019apnea sono sicuramente un buon acquisto da fare come anche una maschera a volume d\u2019aria ridotto. In commercio per il settore apnea\/pesca sportiva c\u2019\u00e8 veramente un\u2019ampia gamma di prodotti a seconda delle diverse possibilit\u00e0.<\/p>\n<h3>[E\u2019 vero che fare Apnea \u00e8 pericoloso?]<\/h3>\n<p>Tutte le attivit\u00e0 sportive, che siano acquatiche o no , se fatte senza criterio e senza rispettarne le regole possono essere pericolose. L\u2019apnea \u00e8 un confronto con i propri limiti ma in questo deve esserci sempre un ascolto di s\u00e9 stessi e dei segnali che ci invia il nostro corpo oltre ad un rispetto dei dettami che l\u2019esperienza ha creato. Buon senso e conoscenza fanno si che anche l\u2019apnea possa essere svolta in sicurezza.<\/p>\n<h3>[E\u2019 vero che ci si deve allenare?]<\/h3>\n<p>L&#8217;apnea allena l&#8217;apnea \u00e8 indubbio. Un buon allenamento pu\u00f2 portare a delle belle soddisfazioni; essere allenati significa infatti concedersi maggiori possibilit\u00e0 di miglioramento ed il condurre una vita sana serve a stare meglio sia fisicamente che psicologicamente. Piu&#8217; tempo si passa in acqua e meglio \u00e8 ma se non possibile\u00a0un allenamento diversificato \u00e8 senza alcun dubbio da prediligere. Il nuoto abbinato alla corsa consentono un globale accrescimento muscolare senza appesantire muscolarmente parlando la figura.<\/p>\n<h3>[Per fare Apnea devo andare al mare?]<\/h3>\n<p>\u2026la voglia di farlo nascer\u00e0 spontanea ed anche il desiderio di misurarsi con la profondit\u00e0 e non solo con la distanza; per divertirsi ed allenarsi la piscina va benissimo perch\u00e9 consente la giusta tranquillit\u00e0 per cimentarsi nell\u2019apnea statica e consente di avere sempre le idonee condizioni per l\u2019entrata in acqua oltre che essere semplificato il calcolo delle distanze e quindi dei progressi compiuti nell\u2019apnea dinamica oltre che essere solitamente di pi\u00f9 comoda frequentazione. La voglia di mare ma anche di lago solitamente viene appagata con l\u2019arrivo della bella stagione e con le uscite di gruppo&#8230;.ricorda che non si deve mai fare apnea da soli.<\/p>\n<h3>[L&#8217;Apnea sportiva \u00e8 la stessa della pesca subacquea?]<\/h3>\n<p>Ebbene si\u2026 quando si parla di apnea sportiva e pesca subacquea la didattica \u00e8 unica e l\u2019allenamento di base identico\u2026 cambia l\u2019attrezzatura che si integrer\u00e0 col fucile subacqueo ed a livello pratico l\u2019imparare il suo utilizzo mettendo a posto la mira\u2026Una differenza sostanziale per\u00f2 \u00e8 da evidenziare nei tempi e nelle ripetizioni delle apnee tra le due discipline difatti nella pesca subacquea i tempi di recupero e le apnee prolungate nonch\u00e9 l\u2019impegno protratto per le diverse ore di caccia costituiscono un elemento di maggior impegno d non dover sottovalutare.<\/p>\n","protected":false},"excerpt":{"rendered":"<p>[Bisogna saper nuotare bene per fare Apnea?] No, non necessariamente, per fare apnea basta avere una buona acquaticit\u00e0, un po\u2019 di dimestichezza con le pinne e conoscere le basi della nuotata a rana. Tutto si impara\u2026 basta averne voglia, metterci un po\u2019 di grinta e darsi il tempo necessario per migliorare. [Per fare Apnea devo<\/p>\n<div class=\"read-more\"><a href=\"https:\/\/www.freedivingbluedream.it\/?page_id=121\" title=\"Read More\">Read More<\/a><\/div>\n","protected":false},"author":1,"featured_media":0,"parent":0,"menu_order":0,"comment_status":"closed","ping_status":"closed","template":"","meta":{"om_disable_all_campaigns":false,"_monsterinsights_skip_tracking":false,"_monsterinsights_sitenote_active":false,"_monsterinsights_sitenote_note":"","_monsterinsights_sitenote_category":0,"_uf_show_specific_survey":0,"_uf_disable_surveys":false},"aioseo_notices":[],"_links":{"self":[{"href":"https:\/\/www.freedivingbluedream.it\/index.php?rest_route=\/wp\/v2\/pages\/121"}],"collection":[{"href":"https:\/\/www.freedivingbluedream.it\/index.php?rest_route=\/wp\/v2\/pages"}],"about":[{"href":"https:\/\/www.freedivingbluedream.it\/index.php?rest_route=\/wp\/v2\/types\/page"}],"author":[{"embeddable":true,"href":"https:\/\/www.freedivingbluedream.it\/index.php?rest_route=\/wp\/v2\/users\/1"}],"replies":[{"embeddable":true,"href":"https:\/\/www.freedivingbluedream.it\/index.php?rest_route=%2Fwp%2Fv2%2Fcomments&post=121"}],"version-history":[{"count":5,"href":"https:\/\/www.freedivingbluedream.it\/index.php?rest_route=\/wp\/v2\/pages\/121\/revisions"}],"predecessor-version":[{"id":717,"href":"https:\/\/www.freedivingbluedream.it\/index.php?rest_route=\/wp\/v2\/pages\/121\/revisions\/717"}],"wp:attachment":[{"href":"https:\/\/www.freedivingbluedream.it\/index.php?rest_route=%2Fwp%2Fv2%2Fmedia&parent=121"}],"curies":[{"name":"wp","href":"https:\/\/api.w.org\/{rel}","templated":true}]}}