{"id":1723,"date":"2018-06-15T16:00:06","date_gmt":"2018-06-15T14:00:06","guid":{"rendered":"http:\/\/www.freedivingbluedream.it\/?page_id=1723"},"modified":"2019-04-30T15:29:59","modified_gmt":"2019-04-30T13:29:59","slug":"privacy-policy","status":"publish","type":"page","link":"http:\/\/www.freedivingbluedream.it\/?page_id=1723","title":{"rendered":"Privacy Policy"},"content":{"rendered":"<p style=\"text-align: center;\">Modello di informativa sul trattamento dei dati personali ex artt. 13 Reg.to UE 2016\/679<\/p>\n<p>Modalit\u00e0 di gestione del sito<span class=\"apple-converted-space\">\u00a0<\/span><a href=\"http:\/\/www.freedivingbluedream.it\">http:\/\/www.freedivingbluedream.it<\/a><span class=\"apple-converted-space\">\u00a0<\/span>in riferimento al trattamento dei dati personali degli interessati (utenti) che lo consultano e a coloro che interagiscono con i servizi web accessibili per via telematica a partire dall\u2019indirizzo<span class=\"apple-converted-space\">\u00a0<\/span><a href=\"http:\/\/www.freedivingbluedream.it\">http:\/\/www.freedivingbluedream.it<\/a><span class=\"apple-converted-space\">\u00a0<\/span>, corrispondente alla pagina iniziale del sito.<br \/>\nLa presente informativa in formato ridotto, \u00e8 resa esclusivamente per il sito<span class=\"apple-converted-space\">\u00a0<\/span><a href=\"http:\/\/www.freedivingbluedream.it\">http:\/\/www.freedivingbluedream.it<\/a><span class=\"apple-converted-space\">\u00a0<\/span>e non per altri siti web eventualmente consultati dall\u2019utente tramite link interni al sito.<br \/>\nDall\u2019iscrizione al presente sito possono essere trattati dati relativi a persone identificate o identificabili.<\/p>\n<p>&nbsp;<\/p>\n<h1>INFORMATIVA EX ART. 13 EU 2016\/679<\/h1>\n<p>La presente informativa per sito web \u00e8 redatta ai sensi dell\u2019art. 13 del Regolamento UE 679\/2016 (di seguito, per brevit\u00e0 \u201cGDPR\u201d) in materia di protezione delle persone fisiche con riguardo al trattamento dei dati personali.<\/p>\n<h1>TITOLARE DEL TRATTAMENTO<\/h1>\n<p>Freediving Blue Dream ASD con sede in piazza dei Navigatori, 22 \u2013 00147<br \/>\nRoma (Italia), C.F. 13283571001<\/p>\n<h1>FINALITA\u2019 DEL TRATTAMENTO (EX ART. 13.1C)<\/h1>\n<p>I Dati dell\u2019Utente sono raccolti per consentire al Titolare di fornire i propri Servizi, cos\u00ec come per le seguenti finalit\u00e0: Consultazione del Sito, Contattare l&#8217;Utente, Statistica e Interazione con social network e piattaforme esterne.<\/p>\n<h3>Consultazione del sito<\/h3>\n<p>Consultazione sito\u00a0<a href=\"http:\/\/www.freedivingbluedream.it\">http:\/\/www.freedivingbluedream.it<\/a><\/p>\n<p>Dati Personali: Cookie e Dati di utilizzo<\/p>\n<h3>Contattare l\u2019utente &#8211; Modulo di contatto (questo sito)<\/h3>\n<p>L\u2019Utente, compilando con i propri Dati il modulo di contatto, acconsente al loro utilizzo per rispondere alle richieste di informazioni, di preventivo, o di qualunque altra natura indicata dall&#8217;intestazione del modulo.<\/p>\n<p>Dati Personali:\u00a0Nome, Cognome, e-mail<\/p>\n<h3>Interazione con social network e piattaforme esterne<\/h3>\n<p>Questo tipo di servizi permette di effettuare interazioni con i social network, o con altre piattaforme esterne, direttamente dalle pagine di questa Applicazione.<br \/>\nLe interazioni e le informazioni acquisite da questa Applicazione sono in ogni caso soggette alle impostazioni privacy dell\u2019Utente relative ad ogni social network.<\/p>\n<p>Nel caso in cui sia installato un servizio di interazione con i social network, \u00e8 possibile che, anche nel caso gli Utenti non utilizzino il servizio, lo stesso raccolga dati di traffico relativi alle pagine in cui \u00e8 installato.<\/p>\n<h4>Pulsante Mi Piace e widget sociali di Facebook (Facebook, Inc.)<\/h4>\n<p>Il pulsante \u201cMi Piace\u201d e i widget sociali di Facebook sono servizi di interazione con il social network Facebook, forniti da Facebook, Inc.<\/p>\n<p>Dati Personali raccolti: Cookie e Dati di utilizzo.<\/p>\n<p>Luogo del trattamento: Stati Uniti \u2013\u00a0<a href=\"https:\/\/www.facebook.com\/privacy\/explanation\">Privacy Policy<\/a>. Soggetto aderente al Privacy Shield.<\/p>\n<h4>Pulsante +1 e widget sociali di Google+ (Google Inc.)<\/h4>\n<p>Il pulsante +1 e i widget sociali di Google+ sono servizi di interazione con il social network Google+, forniti da Google Inc.<\/p>\n<p>Dati Personali raccolti: Cookie e Dati di utilizzo.<\/p>\n<p>Luogo del trattamento: Stati Uniti \u2013\u00a0<a href=\"https:\/\/www.google.com\/intl\/it\/policies\/privacy\/\">Privacy Policy<\/a>. Soggetto aderente al Privacy Shield.<\/p>\n<h3>Statistica<\/h3>\n<p>I servizi contenuti nella presente sezione permettono al Titolare del Trattamento di monitorare e analizzare i dati di traffico e servono a tener traccia del comportamento dell\u2019Utente.<\/p>\n<h4>Google Analytics (Google Inc.)<\/h4>\n<p>Google Analytics \u00e8 un servizio di analisi web fornito da Google Inc. (\u201cGoogle\u201d). Google utilizza i Dati Personali raccolti allo scopo di tracciare ed esaminare l\u2019utilizzo di questa Applicazione, compilare report e condividerli con gli altri servizi sviluppati da Google.<br \/>\nGoogle potrebbe utilizzare i Dati Personali per contestualizzare e personalizzare gli annunci del proprio network pubblicitario.<\/p>\n<p>Dati Personali raccolti: Cookie e Dati di utilizzo.<\/p>\n<p>Luogo del trattamento: Stati Uniti \u2013\u00a0<a href=\"https:\/\/www.google.com\/intl\/it\/policies\/privacy\/\">Privacy Policy<\/a>\u00a0\u2013\u00a0<a href=\"https:\/\/tools.google.com\/dlpage\/gaoptout?hl=it\">Opt Out<\/a>. Soggetto aderente al Privacy Shield.<\/p>\n<h1>ESPLICITO CONSENSO<\/h1>\n<p>I dati personali da Lei forniti saranno trattati da Freediving Blue Dream ASD sulla base dell\u2019esplicito consenso prestato preventivamente all&#8217;iscrizione alla newsletter esclusivamente per le finalit\u00e0 suindicate, consenso che -ai sensi dell\u2019art. 7, par. 3- ha il diritto di revocare in qualsiasi momento, senza che, tuttavia, sia pregiudicata la liceit\u00e0 del trattamento basata sul consenso prima della revoca.<\/p>\n<h1>VENDITA O AFFITTO DEI DATI<\/h1>\n<p>I dati personali forniti NON sono oggetto di attivit\u00e0 commerciali come la vendita o l\u2019affitto e saranno trattati in modo lecito, corretto e trasparente e\u00a0nel rispetto della Sua riservatezza.<\/p>\n<h1>COMUNICAZIONE DEI DATI PERSONALI<\/h1>\n<p>I dati vengono trattati direttamente ed esclusivamente da personale incaricato da Freediving Blue Dream.<br \/>\nI dati raccolti per le finalit\u00e0 specificate non vengono comunicati e\/o diffusi a terzi in alcun modo, fatta eccezione per l\u2019eventuale adempimento di obblighi di legge o di ordini provenienti dalle pubbliche autorit\u00e0 legittimate alla richiesta, nonch\u00e9 per la tutela dei diritti in sede giudiziaria.<br \/>\nSe necessario o imposto dalla legge o da provvedimenti dell\u2019Autorit\u00e0, in relazione a particolari servizi richiesti, i dati personali possono essere comunicati a terzi delegati e\/o societ\u00e0 controllate e\/o collegate a Freediving Blue Dream che svolgono, in qualit\u00e0 di autonomi titolari del trattamento, funzioni strettamente connesse e strumentali alla prestazione di detti servizi.<\/p>\n<h1>CONSERVAZIONE DEI DATI<\/h1>\n<p>I dati personali saranno trattati e conservati solo ed esclusivamente per le suddette finalit\u00e0 per un periodo massimo di __24__ mesi al termine dei quali saranno cancellati automaticamente<\/p>\n<h1>DIRITTI DEGLI INTERESSATI<\/h1>\n<p>Ai sensi del Regolamento (UE) 2016\/679, Lei ha diritto di chiedere al Titolare del trattamento l\u2019accesso ai Suoi dati personali (art. 15), la rettifica (art. 16) o la cancellazione (art. 17) degli stessi, la limitazione del trattamento che lo riguardano (art.18) o di opporsi al loro trattamento (art. 21), oltre al diritto alla portabilit\u00e0 dei dati (art. 20) altres\u00ec, che Lei potr\u00e0 esercitare i diritti di cui al paragrafo precedente, rivolgendosi al Titolare del trattamento compilando il modulo che potr\u00e0 scaricare al seguente <a href=\"http:\/\/www.freedivingbluedream.it\/public\/wp-content\/uploads\/2018\/06\/BlueDream-Communication_Modello_richiesta_diritti_interessato.pdf\">link<\/a>\u00a0ed inviandolo secondo\u00a0le seguenti modalit\u00e0:<br \/>\n\u2013 e-mail:\u00a0<a href=\"mailto:privacy@freedivingbluedream.it\">privacy@freedivingbluedream.it<\/a><br \/>\n\u2013 servizio postale: Freediving Blue Dream ASD piazza dei Navigatori, 22 00147 Roma<\/p>\n<h1>RECLAMO<\/h1>\n<p>Sempre ai sensi del Regolamento (UE) 2016\/679, ha diritto sia a proporre formale reclamo all&#8217;autorit\u00e0 Garante (art. 77) secondo le modalit\u00e0 indicate sul sito dell\u2019Autorit\u00e0 all&#8217;indirizzo:<br \/>\n<a href=\"http:\/\/www.garanteprivacy.it\/home\/modulistica\">http:\/\/www.garanteprivacy.it\/<\/a>,<br \/>\nsia a proporre un ricorso giurisdizionale (art. 79)<\/p>\n<p>&nbsp;<\/p>\n","protected":false},"excerpt":{"rendered":"<p>Modello di informativa sul trattamento dei dati personali ex artt. 13 Reg.to UE 2016\/679 Modalit\u00e0 di gestione del sito\u00a0http:\/\/www.freedivingbluedream.it\u00a0in riferimento al trattamento dei dati personali degli interessati (utenti) che lo consultano e a coloro che interagiscono con i servizi web accessibili per via telematica a partire dall\u2019indirizzo\u00a0http:\/\/www.freedivingbluedream.it\u00a0, corrispondente alla pagina iniziale del sito. La presente<\/p>\n<div class=\"read-more\"><a href=\"http:\/\/www.freedivingbluedream.it\/?page_id=1723\" title=\"Read More\">Read More<\/a><\/div>\n","protected":false},"author":6,"featured_media":0,"parent":0,"menu_order":0,"comment_status":"closed","ping_status":"closed","template":"","meta":{"om_disable_all_campaigns":false,"_monsterinsights_skip_tracking":false,"_monsterinsights_sitenote_active":false,"_monsterinsights_sitenote_note":"","_monsterinsights_sitenote_category":0,"_uf_show_specific_survey":0,"_uf_disable_surveys":false},"aioseo_notices":[],"_links":{"self":[{"href":"http:\/\/www.freedivingbluedream.it\/index.php?rest_route=\/wp\/v2\/pages\/1723"}],"collection":[{"href":"http:\/\/www.freedivingbluedream.it\/index.php?rest_route=\/wp\/v2\/pages"}],"about":[{"href":"http:\/\/www.freedivingbluedream.it\/index.php?rest_route=\/wp\/v2\/types\/page"}],"author":[{"embeddable":true,"href":"http:\/\/www.freedivingbluedream.it\/index.php?rest_route=\/wp\/v2\/users\/6"}],"replies":[{"embeddable":true,"href":"http:\/\/www.freedivingbluedream.it\/index.php?rest_route=%2Fwp%2Fv2%2Fcomments&post=1723"}],"version-history":[{"count":8,"href":"http:\/\/www.freedivingbluedream.it\/index.php?rest_route=\/wp\/v2\/pages\/1723\/revisions"}],"predecessor-version":[{"id":2008,"href":"http:\/\/www.freedivingbluedream.it\/index.php?rest_route=\/wp\/v2\/pages\/1723\/revisions\/2008"}],"wp:attachment":[{"href":"http:\/\/www.freedivingbluedream.it\/index.php?rest_route=%2Fwp%2Fv2%2Fmedia&parent=1723"}],"curies":[{"name":"wp","href":"https:\/\/api.w.org\/{rel}","templated":true}]}}