{"id":116,"date":"2015-05-21T19:22:15","date_gmt":"2015-05-21T17:22:15","guid":{"rendered":"http:\/\/www.freedivingbluedream.it\/?page_id=116"},"modified":"2017-02-01T09:31:53","modified_gmt":"2017-02-01T08:31:53","slug":"cose-lapnea","status":"publish","type":"page","link":"http:\/\/www.freedivingbluedream.it\/?page_id=116","title":{"rendered":"Cos&#8217;\u00e8 l&#8217;apnea"},"content":{"rendered":"<p><a href=\"http:\/\/www.freedivingbluedream.it\/public\/wp-content\/uploads\/2016\/07\/Lezioni-di-apnea.jpg\"><img decoding=\"async\" loading=\"lazy\" class=\" wp-image-821 alignleft\" src=\"http:\/\/www.freedivingbluedream.it\/public\/wp-content\/uploads\/2016\/07\/Lezioni-di-apnea.jpg\" alt=\"Lezioni di apnea\" width=\"329\" height=\"8335\" \/><\/a><\/p>\n<p><span style=\"font-size: 12pt;\">Un\u2019emozione senza respiro!<\/span><\/p>\n<p><span style=\"font-size: 12pt;\">A prima vista potrebbe sembrare soltanto il voler restare il pi\u00f9 a lungo possibile senza respirare. In realt\u00e0 questo \u00e8 soltanto l\u2019inizio, non l&#8217;arrivo\u2026 \u00e8 solo la strada per riuscire a capire cosa siamo, chi siamo e per scoprire il mare che \u00e8 dentro di noi.<\/span><\/p>\n<p><span style=\"font-size: 12pt;\">Oltre a questo, l&#8217;apnea \u00e8 anche uno sport, uno sport per tutti, uno sport che fa bene al corpo e alla mente e che trae le sue origini dal ricordo di quando eravamo avvolti nel liquido del grembo materno. Fare apnea significa ricordare il nostro passato.<\/span><\/p>\n<p><span style=\"font-size: 12pt;\">Il duro sacrificio e lo sforzo intenso dei periodi di allenamento fisico saranno ripagati dai risultati inaspettati, dall&#8217;emozione di una nuotata con i delfini o di una discesa lungo una parete di corallo.<\/span><\/p>\n<p><span style=\"font-size: 12pt;\">Un continuo mettersi alla prova, raggiungere i propri limiti e superare i propri obiettivi. Una sfida con se stessi. Rilassamento e determinazione. Gioia, allegria, spensieratezza, tenacia e implacabile costanza.<\/span><\/p>\n<p><span style=\"font-size: 12pt;\">Tutto questo \u00e8 apnea.<\/span><\/p>\n<p><span style=\"font-size: 12pt;\">\u00a0<\/span><\/p>\n<p><span style=\"font-size: 12pt;\">\u00a0<\/span><\/p>\n<p style=\"text-align: right;\"><em><span style=\"font-size: 12pt;\">Il sub si immerge per guardarsi attorno&#8230;<\/span><\/em><br \/>\n<em><span style=\"font-size: 12pt;\"> l&#8217;apneista per guardarsi dentro!<\/span><\/em><\/p>\n<p style=\"text-align: right;\"><em><span style=\"font-size: 12pt;\">(U. Pelizzari)<\/span><\/em><\/p>\n<p>Disegni by\u00a0Flavio [\u00a0<a href=\"http:\/\/a-bit-salty.it\/\" target=\"_blank\">http:\/\/a-bit-salty.it\/<\/a> ]<\/p>\n<p><a href=\"http:\/\/creativecommons.org\/licenses\/by-nc-nd\/4.0\/\" rel=\"license\"><img decoding=\"async\" style=\"border-width: 0;\" src=\"https:\/\/i.creativecommons.org\/l\/by-nc-nd\/4.0\/88x31.png\" alt=\"Licenza Creative Commons\" \/><\/a><br \/>\nQuest&#8217;opera \u00e8 distribuita con Licenza <a href=\"http:\/\/creativecommons.org\/licenses\/by-nc-nd\/4.0\/\" rel=\"license\">Creative Commons Attribuzione &#8211; Non commerciale &#8211; Non opere derivate 4.0 Internazionale<\/a>.<\/p>\n","protected":false},"excerpt":{"rendered":"<p>Un\u2019emozione senza respiro! A prima vista potrebbe sembrare soltanto il voler restare il pi\u00f9 a lungo possibile senza respirare. In realt\u00e0 questo \u00e8 soltanto l\u2019inizio, non l&#8217;arrivo\u2026 \u00e8 solo la strada per riuscire a capire cosa siamo, chi siamo e per scoprire il mare che \u00e8 dentro di noi. Oltre a questo, l&#8217;apnea \u00e8 anche<\/p>\n<div class=\"read-more\"><a href=\"http:\/\/www.freedivingbluedream.it\/?page_id=116\" title=\"Read More\">Read More<\/a><\/div>\n","protected":false},"author":1,"featured_media":0,"parent":0,"menu_order":0,"comment_status":"closed","ping_status":"closed","template":"","meta":{"om_disable_all_campaigns":false,"_monsterinsights_skip_tracking":false,"_monsterinsights_sitenote_active":false,"_monsterinsights_sitenote_note":"","_monsterinsights_sitenote_category":0,"_uf_show_specific_survey":0,"_uf_disable_surveys":false},"aioseo_notices":[],"_links":{"self":[{"href":"http:\/\/www.freedivingbluedream.it\/index.php?rest_route=\/wp\/v2\/pages\/116"}],"collection":[{"href":"http:\/\/www.freedivingbluedream.it\/index.php?rest_route=\/wp\/v2\/pages"}],"about":[{"href":"http:\/\/www.freedivingbluedream.it\/index.php?rest_route=\/wp\/v2\/types\/page"}],"author":[{"embeddable":true,"href":"http:\/\/www.freedivingbluedream.it\/index.php?rest_route=\/wp\/v2\/users\/1"}],"replies":[{"embeddable":true,"href":"http:\/\/www.freedivingbluedream.it\/index.php?rest_route=%2Fwp%2Fv2%2Fcomments&post=116"}],"version-history":[{"count":10,"href":"http:\/\/www.freedivingbluedream.it\/index.php?rest_route=\/wp\/v2\/pages\/116\/revisions"}],"predecessor-version":[{"id":1296,"href":"http:\/\/www.freedivingbluedream.it\/index.php?rest_route=\/wp\/v2\/pages\/116\/revisions\/1296"}],"wp:attachment":[{"href":"http:\/\/www.freedivingbluedream.it\/index.php?rest_route=%2Fwp%2Fv2%2Fmedia&parent=116"}],"curies":[{"name":"wp","href":"https:\/\/api.w.org\/{rel}","templated":true}]}}